{"id":988840,"date":"2022-04-09T18:04:32","date_gmt":"2022-04-09T15:04:32","guid":{"rendered":"https:\/\/www.marmorosch.com\/balance-spa\/"},"modified":"2026-01-14T12:51:05","modified_gmt":"2026-01-14T10:51:05","slug":"balance-spa","status":"publish","type":"page","link":"https:\/\/www.marmorosch.com\/ro\/balance-spa\/","title":{"rendered":"Balance SPA"},"content":{"rendered":"<div class=\"vgblk-rw-wrapper limit-wrapper\">\n\n\t\t\t\t\t\t\t<img loading=\"lazy\" src=\"https:\/\/i0.wp.com\/www.marmorosch.com\/wp-content\/uploads\/2022\/04\/balance_spa-logo.png?resize=259%2C199&#038;ssl=1\" data-srcset=\"https:\/\/i0.wp.com\/www.marmorosch.com\/wp-content\/uploads\/2022\/04\/balance_spa-logo.png?resize=259%2C199&#038;ssl=1\" srcset=\"data:image\/svg+xml;utf8,&lt;svg%20xmlns=&quot;http:\/\/www.w3.org\/2000\/svg&quot;%20viewBox=&quot;0%200%20259%20199&quot;%20height=&quot;199px&quot;%20width=&quot;259px&quot;\/&gt;\" alt=\"balance_spa-logo\" itemprop=\"image\" height=\"199\" width=\"259\" title=\"balance_spa-logo\" onerror=\"this.style.display='none'\"  sizes=\"(max-width: 760px) 100vw, 100vw\" data-recalc-dims=\"1\"\/>\t\t\t\t\t\t\t\n\t\t\t\t\t\t\t<img loading=\"lazy\" src=\"https:\/\/i0.wp.com\/www.marmorosch.com\/wp-content\/uploads\/2022\/04\/golden-corner-2.png?resize=275%2C290&#038;ssl=1\" data-srcset=\"https:\/\/i0.wp.com\/www.marmorosch.com\/wp-content\/uploads\/2022\/04\/golden-corner-2.png?resize=275%2C290&#038;ssl=1\" srcset=\"data:image\/svg+xml;utf8,&lt;svg%20xmlns=&quot;http:\/\/www.w3.org\/2000\/svg&quot;%20viewBox=&quot;0%200%20275%20290&quot;%20height=&quot;290px&quot;%20width=&quot;275px&quot;\/&gt;\" alt=\"golden-corner-2\" itemprop=\"image\" height=\"290\" width=\"275\" title=\"golden-corner-2\" onerror=\"this.style.display='none'\"  sizes=\"(max-width: 760px) 100vw, 100vw\" data-recalc-dims=\"1\"\/>\t\t\t\t\t\t\t\n\t\t\t\t\t\t\t<img loading=\"lazy\" src=\"https:\/\/www.marmorosch.com\/wp-content\/uploads\/2021\/04\/top.svg\" data-srcset=\"https:\/\/www.marmorosch.com\/wp-content\/uploads\/2021\/04\/top.svg\" srcset=\"data:image\/svg+xml;utf8,&lt;svg%20xmlns=&quot;http:\/\/www.w3.org\/2000\/svg&quot;%20viewBox=&quot;0%200%20554%2014&quot;%20height=&quot;14px&quot;%20width=&quot;554px&quot;\/&gt;\" alt=\"top\" itemprop=\"image\" height=\"14\" width=\"554\" title=\"top\" onerror=\"this.style.display='none'\" \/>\t\t\t\t\t\t\t\n\t<p>Balance Spa este poarta ta c\u0103tre lumea relax\u0103rii \u0219i a senin\u0103t\u0103\u021bii. Profesioni\u0219tii no\u0219tri de wellness \u0219i frumuse\u021be se vor ocupa cu grij\u0103 de toate nevoile tale.<\/p>\n\t\t\t\t\t\t\t<img loading=\"lazy\" src=\"https:\/\/www.marmorosch.com\/wp-content\/uploads\/2021\/04\/top.svg\" data-srcset=\"https:\/\/www.marmorosch.com\/wp-content\/uploads\/2021\/04\/top.svg\" srcset=\"data:image\/svg+xml;utf8,&lt;svg%20xmlns=&quot;http:\/\/www.w3.org\/2000\/svg&quot;%20viewBox=&quot;0%200%20554%2014&quot;%20height=&quot;14px&quot;%20width=&quot;554px&quot;\/&gt;\" alt=\"top\" itemprop=\"image\" height=\"14\" width=\"554\" title=\"top\" onerror=\"this.style.display='none'\" \/>\t\t\t\t\t\t\t\n\t\t\t\t\t\t\t<img loading=\"lazy\" src=\"https:\/\/i0.wp.com\/www.marmorosch.com\/wp-content\/uploads\/2021\/04\/gold.png?resize=290%2C275&#038;ssl=1\" data-srcset=\"https:\/\/i0.wp.com\/www.marmorosch.com\/wp-content\/uploads\/2021\/04\/gold.png?resize=290%2C275&#038;ssl=1\" srcset=\"data:image\/svg+xml;utf8,&lt;svg%20xmlns=&quot;http:\/\/www.w3.org\/2000\/svg&quot;%20viewBox=&quot;0%200%20290%20275&quot;%20height=&quot;275px&quot;%20width=&quot;290px&quot;\/&gt;\" alt=\"gold\" itemprop=\"image\" height=\"275\" width=\"290\" title=\"gold\" onerror=\"this.style.display='none'\"  sizes=\"(max-width: 760px) 100vw, 100vw\" data-recalc-dims=\"1\"\/>\t\t\t\t\t\t\t\n<h2>\n\tSenin\u0103tate inspirat\u0103 de pietre pre\u021bioase\n\t<\/h2>\n\t<p>Bucur\u0103-te de senin\u0103tate \u00eentr-o ambian\u021b\u0103 de lux, inspirat\u0103 de pietre pre\u021bioase aduse din minele Rom\u00e2niei.<\/p>\n<p>Balance Spa \u00ee\u0219i invit\u0103 oaspe\u021bii s\u0103 se bucure \u00eentr-o piscin\u0103 de relaxare cu hidromasaj, o saun\u0103 fierbinte, o baie de abur \u0219i un centru de fitness complet echipat.<\/p>\n\t<a href=\"https:\/\/drive.google.com\/file\/d\/1ug6-Uhd9tYHRgz2LCTEhFuuPh7JNOs-R\/view?usp=sharing\" target=\"_blank\" role=\"button\" rel=\"noopener\">\n\t\t\t\t\tVezi preturi\n\t<\/a>\n\t\t\t\t\t\t\t<img loading=\"lazy\" src=\"https:\/\/i0.wp.com\/www.marmorosch.com\/wp-content\/uploads\/2022\/04\/02-balance-spa-hightlight-visuals.jpg?resize=700%2C778&#038;ssl=1\" alt=\"02 balance spa - hightlight visuals\" itemprop=\"image\" height=\"778\" width=\"700\" title=\"02 balance spa - hightlight visuals\" onerror=\"this.style.display='none'\"  sizes=\"(max-width: 760px) 100vw, 100vw\" srcset=\"data:image\/svg+xml;utf8,&lt;svg%20xmlns=&quot;http:\/\/www.w3.org\/2000\/svg&quot;%20viewBox=&quot;0%200%20700%20778&quot;%20height=&quot;778px&quot;%20width=&quot;700px&quot;\/&gt;\" data-srcset=\"https:\/\/i0.wp.com\/www.marmorosch.com\/wp-content\/uploads\/2022\/04\/02-balance-spa-hightlight-visuals.jpg?w=700&amp;ssl=1 700w, https:\/\/i0.wp.com\/www.marmorosch.com\/wp-content\/uploads\/2022\/04\/02-balance-spa-hightlight-visuals.jpg?resize=270%2C300&amp;ssl=1 270w, https:\/\/i0.wp.com\/www.marmorosch.com\/wp-content\/uploads\/2022\/04\/02-balance-spa-hightlight-visuals.jpg?resize=630%2C700&amp;ssl=1 630w, https:\/\/i0.wp.com\/www.marmorosch.com\/wp-content\/uploads\/2022\/04\/02-balance-spa-hightlight-visuals.jpg?resize=420%2C467&amp;ssl=1 420w, https:\/\/i0.wp.com\/www.marmorosch.com\/wp-content\/uploads\/2022\/04\/02-balance-spa-hightlight-visuals.jpg?resize=315%2C350&amp;ssl=1 315w\" data-recalc-dims=\"1\" \/>\t\t\t\t\t\t\t\n\t\t\t\t\t\t\t<img loading=\"lazy\" src=\"https:\/\/i0.wp.com\/www.marmorosch.com\/wp-content\/uploads\/2022\/04\/01-balance-spa-hightlight-visuals.jpg?resize=700%2C778&#038;ssl=1\" alt=\"01 balance spa - hightlight visuals\" itemprop=\"image\" height=\"778\" width=\"700\" title=\"01 balance spa - hightlight visuals\" onerror=\"this.style.display='none'\"  sizes=\"(max-width: 760px) 100vw, 100vw\" srcset=\"data:image\/svg+xml;utf8,&lt;svg%20xmlns=&quot;http:\/\/www.w3.org\/2000\/svg&quot;%20viewBox=&quot;0%200%20700%20778&quot;%20height=&quot;778px&quot;%20width=&quot;700px&quot;\/&gt;\" data-srcset=\"https:\/\/i0.wp.com\/www.marmorosch.com\/wp-content\/uploads\/2022\/04\/01-balance-spa-hightlight-visuals.jpg?w=700&amp;ssl=1 700w, https:\/\/i0.wp.com\/www.marmorosch.com\/wp-content\/uploads\/2022\/04\/01-balance-spa-hightlight-visuals.jpg?resize=270%2C300&amp;ssl=1 270w, https:\/\/i0.wp.com\/www.marmorosch.com\/wp-content\/uploads\/2022\/04\/01-balance-spa-hightlight-visuals.jpg?resize=630%2C700&amp;ssl=1 630w, https:\/\/i0.wp.com\/www.marmorosch.com\/wp-content\/uploads\/2022\/04\/01-balance-spa-hightlight-visuals.jpg?resize=420%2C467&amp;ssl=1 420w, https:\/\/i0.wp.com\/www.marmorosch.com\/wp-content\/uploads\/2022\/04\/01-balance-spa-hightlight-visuals.jpg?resize=315%2C350&amp;ssl=1 315w\" data-recalc-dims=\"1\" \/>\t\t\t\t\t\t\t\n<h2>\n\tO oaz\u0103 de evadare\n\t<\/h2>\n\t<p>Ofer\u0103-\u021bi experien\u021ba celui mai bun r\u0103sf\u0103\u021b \u0219i \u00eencearc\u0103 specialit\u0103\u021bile noastre de wellness \u0219i ridic\u0103-te din nou, str\u0103lucitor ca pas\u0103rea Phoenix.<\/p>\n<p>F\u0103-\u021bi timp s\u0103 alegi dintr-o gam\u0103 de tratamente faciale \u0219i corporale rafinate \u0219i las\u0103 dot\u0103rile \u0219i experien\u021bele dedicate s\u0103 te re\u00eencarce \u0219i s\u0103 dea sistemului t\u0103u imunitar at\u00e2t de necesarul impuls.<\/p>\n\t<a href=\"https:\/\/drive.google.com\/file\/d\/1ug6-Uhd9tYHRgz2LCTEhFuuPh7JNOs-R\/view?usp=sharing\" target=\"_blank\" role=\"button\" rel=\"noopener\">\n\t\t\t\t\tVezi preturi\n\t<\/a>\n\n<\/div><!-- .vgblk-rw-wrapper -->","protected":false},"excerpt":{"rendered":"<p>Balance Spa este poarta ta c\u0103tre lumea relax\u0103rii \u0219i a senin\u0103t\u0103\u021bii. Profesioni\u0219tii no\u0219tri de wellness \u0219i frumuse\u021be se vor ocupa cu grij\u0103 de toate nevoile tale. Senin\u0103tate inspirat\u0103 de pietre pre\u021bioase Bucur\u0103-te de senin\u0103tate \u00eentr-o ambian\u021b\u0103 de lux, inspirat\u0103 de pietre pre\u021bioase aduse din minele Rom\u00e2niei. Balance Spa \u00ee\u0219i invit\u0103 oaspe\u021bii s\u0103 se bucure \u00eentr-o&#8230;<\/p>\n","protected":false},"author":1,"featured_media":0,"parent":0,"menu_order":0,"comment_status":"closed","ping_status":"closed","template":"","meta":{"inline_featured_image":false,"spay_email":""},"_links":{"self":[{"href":"https:\/\/www.marmorosch.com\/ro\/wp-json\/wp\/v2\/pages\/988840"}],"collection":[{"href":"https:\/\/www.marmorosch.com\/ro\/wp-json\/wp\/v2\/pages"}],"about":[{"href":"https:\/\/www.marmorosch.com\/ro\/wp-json\/wp\/v2\/types\/page"}],"author":[{"embeddable":true,"href":"https:\/\/www.marmorosch.com\/ro\/wp-json\/wp\/v2\/users\/1"}],"replies":[{"embeddable":true,"href":"https:\/\/www.marmorosch.com\/ro\/wp-json\/wp\/v2\/comments?post=988840"}],"version-history":[{"count":14,"href":"https:\/\/www.marmorosch.com\/ro\/wp-json\/wp\/v2\/pages\/988840\/revisions"}],"predecessor-version":[{"id":989843,"href":"https:\/\/www.marmorosch.com\/ro\/wp-json\/wp\/v2\/pages\/988840\/revisions\/989843"}],"wp:attachment":[{"href":"https:\/\/www.marmorosch.com\/ro\/wp-json\/wp\/v2\/media?parent=988840"}],"curies":[{"name":"wp","href":"https:\/\/api.w.org\/{rel}","templated":true}]}}