{"id":988839,"date":"2022-04-09T17:47:53","date_gmt":"2022-04-09T14:47:53","guid":{"rendered":"https:\/\/www.marmorosch.com\/mbb-coffee\/"},"modified":"2023-09-14T15:16:33","modified_gmt":"2023-09-14T12:16:33","slug":"mbb-coffee","status":"publish","type":"page","link":"https:\/\/www.marmorosch.com\/ro\/mbb-coffee\/","title":{"rendered":"MBB Coffee"},"content":{"rendered":"<div class=\"vgblk-rw-wrapper limit-wrapper\">\n\n\t\t\t\t\t\t\t<img loading=\"lazy\" src=\"https:\/\/i0.wp.com\/www.marmorosch.com\/wp-content\/uploads\/2022\/04\/mbb_coffee-logo.png?resize=171%2C200&#038;ssl=1\" data-srcset=\"https:\/\/i0.wp.com\/www.marmorosch.com\/wp-content\/uploads\/2022\/04\/mbb_coffee-logo.png?resize=171%2C200&#038;ssl=1\" srcset=\"data:image\/svg+xml;utf8,&lt;svg%20xmlns=&quot;http:\/\/www.w3.org\/2000\/svg&quot;%20viewBox=&quot;0%200%20171%20200&quot;%20height=&quot;200px&quot;%20width=&quot;171px&quot;\/&gt;\" alt=\"mbb_coffee-logo\" itemprop=\"image\" height=\"200\" width=\"171\" title=\"mbb_coffee-logo\" onerror=\"this.style.display='none'\"  sizes=\"(max-width: 760px) 100vw, 100vw\" data-recalc-dims=\"1\"\/>\t\t\t\t\t\t\t\n\t\t\t\t\t\t\t<img loading=\"lazy\" src=\"https:\/\/i0.wp.com\/www.marmorosch.com\/wp-content\/uploads\/2022\/04\/golden-corner-2.png?resize=275%2C290&#038;ssl=1\" data-srcset=\"https:\/\/i0.wp.com\/www.marmorosch.com\/wp-content\/uploads\/2022\/04\/golden-corner-2.png?resize=275%2C290&#038;ssl=1\" srcset=\"data:image\/svg+xml;utf8,&lt;svg%20xmlns=&quot;http:\/\/www.w3.org\/2000\/svg&quot;%20viewBox=&quot;0%200%20275%20290&quot;%20height=&quot;290px&quot;%20width=&quot;275px&quot;\/&gt;\" alt=\"golden-corner-2\" itemprop=\"image\" height=\"290\" width=\"275\" title=\"golden-corner-2\" onerror=\"this.style.display='none'\"  sizes=\"(max-width: 760px) 100vw, 100vw\" data-recalc-dims=\"1\"\/>\t\t\t\t\t\t\t\n\t\t\t\t\t\t\t<img loading=\"lazy\" src=\"https:\/\/www.marmorosch.com\/wp-content\/uploads\/2021\/04\/top.svg\" data-srcset=\"https:\/\/www.marmorosch.com\/wp-content\/uploads\/2021\/04\/top.svg\" srcset=\"data:image\/svg+xml;utf8,&lt;svg%20xmlns=&quot;http:\/\/www.w3.org\/2000\/svg&quot;%20viewBox=&quot;0%200%20554%2014&quot;%20height=&quot;14px&quot;%20width=&quot;554px&quot;\/&gt;\" alt=\"top\" itemprop=\"image\" height=\"14\" width=\"554\" title=\"top\" onerror=\"this.style.display='none'\" \/>\t\t\t\t\t\t\t\n\t<p>Imagineaz\u0103-\u021bi c\u0103 e\u0219ti \u00eentr-o cafenea plin\u0103 de via\u021b\u0103 din perioada Belle \u00c9poque. Col\u021bul MBB Coffee este locul perfect unde s\u0103 auzi ultimele nout\u0103\u021bi din ora\u0219.<\/p>\n<p>Este locul de unde s\u0103 \u00ee\u021bi \u00eencepi ziua cu o cea\u0219c\u0103 de cafea excelent\u0103, s\u0103 lucrezi pu\u021bin sau s\u0103 te preg\u0103te\u0219ti s\u0103 explorezi Bucure\u0219tiul. Masa noastr\u0103 comun\u0103 devine un panou de strategii, unde po\u021bi s\u0103 \u00ee\u021bi faci planurile pentru ziua ce urmeaz\u0103.<\/p>\n\t\t\t\t\t\t\t<img loading=\"lazy\" src=\"https:\/\/www.marmorosch.com\/wp-content\/uploads\/2021\/04\/top.svg\" data-srcset=\"https:\/\/www.marmorosch.com\/wp-content\/uploads\/2021\/04\/top.svg\" srcset=\"data:image\/svg+xml;utf8,&lt;svg%20xmlns=&quot;http:\/\/www.w3.org\/2000\/svg&quot;%20viewBox=&quot;0%200%20554%2014&quot;%20height=&quot;14px&quot;%20width=&quot;554px&quot;\/&gt;\" alt=\"top\" itemprop=\"image\" height=\"14\" width=\"554\" title=\"top\" onerror=\"this.style.display='none'\" \/>\t\t\t\t\t\t\t\n\t\t\t\t\t\t\t<img loading=\"lazy\" src=\"https:\/\/i0.wp.com\/www.marmorosch.com\/wp-content\/uploads\/2021\/04\/gold.png?resize=290%2C275&#038;ssl=1\" data-srcset=\"https:\/\/i0.wp.com\/www.marmorosch.com\/wp-content\/uploads\/2021\/04\/gold.png?resize=290%2C275&#038;ssl=1\" srcset=\"data:image\/svg+xml;utf8,&lt;svg%20xmlns=&quot;http:\/\/www.w3.org\/2000\/svg&quot;%20viewBox=&quot;0%200%20290%20275&quot;%20height=&quot;275px&quot;%20width=&quot;290px&quot;\/&gt;\" alt=\"gold\" itemprop=\"image\" height=\"275\" width=\"290\" title=\"gold\" onerror=\"this.style.display='none'\"  sizes=\"(max-width: 760px) 100vw, 100vw\" data-recalc-dims=\"1\"\/>\t\t\t\t\t\t\t\n\t\t\t\t\t\t\t<img loading=\"lazy\" src=\"https:\/\/i0.wp.com\/www.marmorosch.com\/wp-content\/uploads\/2022\/04\/01-mbb-coffee-highlight-visuals.jpg?resize=700%2C778&#038;ssl=1\" alt=\"01 mbb coffee - highlight visuals\" itemprop=\"image\" height=\"778\" width=\"700\" title=\"01 mbb coffee - highlight visuals\" onerror=\"this.style.display='none'\"  sizes=\"(max-width: 760px) 100vw, 100vw\" srcset=\"data:image\/svg+xml;utf8,&lt;svg%20xmlns=&quot;http:\/\/www.w3.org\/2000\/svg&quot;%20viewBox=&quot;0%200%20700%20778&quot;%20height=&quot;778px&quot;%20width=&quot;700px&quot;\/&gt;\" data-srcset=\"https:\/\/i0.wp.com\/www.marmorosch.com\/wp-content\/uploads\/2022\/04\/01-mbb-coffee-highlight-visuals.jpg?resize=700%2C778&#038;ssl=1 700w, https:\/\/www.marmorosch.com\/wp-content\/uploads\/2022\/04\/01-mbb-coffee-highlight-visuals-270x300.jpg 270w, https:\/\/www.marmorosch.com\/wp-content\/uploads\/2022\/04\/01-mbb-coffee-highlight-visuals-630x700.jpg 630w, https:\/\/www.marmorosch.com\/wp-content\/uploads\/2022\/04\/01-mbb-coffee-highlight-visuals-420x467.jpg 420w, https:\/\/www.marmorosch.com\/wp-content\/uploads\/2022\/04\/01-mbb-coffee-highlight-visuals-315x350.jpg 315w\" data-recalc-dims=\"1\" \/>\t\t\t\t\t\t\t\n<h2>\n\tParadisul patiseriei\n\t<\/h2>\n\t<p>Te vei \u00eendr\u0103gosti de patiseria \u0219i de gust\u0103rile noastre. Promitem. De la pr\u0103jituri proaspete de cas\u0103, scoase direct din cuptor \u0219i p\u00e2n\u0103 la sandwichurile gustoase, vei g\u0103si aici tot ce \u00ee\u021bi trebuie pentru a \u00ee\u021bi \u00eencepe ziua perfect.<\/p>\n<h2>\n\tTu alegi magia\n\t<\/h2>\n\t<p>Baristas sunt preg\u0103ti\u021bi s\u0103 \u00ee\u021bi fac\u0103 cea mai bun\u0103 cea\u0219c\u0103 de cafea, din boabe proasp\u0103t pr\u0103jite. Un latte, un cappuccino sau un flat white, ce \u00ee\u021bi place \u021bie &#8211; pe toate le g\u0103se\u0219ti la MBB Coffee Corner.<\/p>\n\t\t\t\t\t\t\t<img loading=\"lazy\" src=\"https:\/\/i0.wp.com\/www.marmorosch.com\/wp-content\/uploads\/2022\/04\/02-mbb-coffee-highlight-visuals.jpg?resize=700%2C778&#038;ssl=1\" alt=\"02 mbb coffee - highlight visuals\" itemprop=\"image\" height=\"778\" width=\"700\" title=\"02 mbb coffee - highlight visuals\" onerror=\"this.style.display='none'\"  sizes=\"(max-width: 760px) 100vw, 100vw\" srcset=\"data:image\/svg+xml;utf8,&lt;svg%20xmlns=&quot;http:\/\/www.w3.org\/2000\/svg&quot;%20viewBox=&quot;0%200%20700%20778&quot;%20height=&quot;778px&quot;%20width=&quot;700px&quot;\/&gt;\" data-srcset=\"https:\/\/i0.wp.com\/www.marmorosch.com\/wp-content\/uploads\/2022\/04\/02-mbb-coffee-highlight-visuals.jpg?resize=700%2C778&#038;ssl=1 700w, https:\/\/www.marmorosch.com\/wp-content\/uploads\/2022\/04\/02-mbb-coffee-highlight-visuals-270x300.jpg 270w, https:\/\/www.marmorosch.com\/wp-content\/uploads\/2022\/04\/02-mbb-coffee-highlight-visuals-630x700.jpg 630w, https:\/\/www.marmorosch.com\/wp-content\/uploads\/2022\/04\/02-mbb-coffee-highlight-visuals-420x467.jpg 420w, https:\/\/www.marmorosch.com\/wp-content\/uploads\/2022\/04\/02-mbb-coffee-highlight-visuals-315x350.jpg 315w\" data-recalc-dims=\"1\" \/>\t\t\t\t\t\t\t\n\n<\/div><!-- .vgblk-rw-wrapper -->","protected":false},"excerpt":{"rendered":"<p>Imagineaz\u0103-\u021bi c\u0103 e\u0219ti \u00eentr-o cafenea plin\u0103 de via\u021b\u0103 din perioada Belle \u00c9poque. Col\u021bul MBB Coffee este locul perfect unde s\u0103 auzi ultimele nout\u0103\u021bi din ora\u0219. Este locul de unde s\u0103 \u00ee\u021bi \u00eencepi ziua cu o cea\u0219c\u0103 de cafea excelent\u0103, s\u0103 lucrezi pu\u021bin sau s\u0103 te preg\u0103te\u0219ti s\u0103 explorezi Bucure\u0219tiul. Masa noastr\u0103 comun\u0103 devine un panou&#8230;<\/p>\n","protected":false},"author":1,"featured_media":0,"parent":0,"menu_order":0,"comment_status":"closed","ping_status":"closed","template":"","meta":{"inline_featured_image":false,"spay_email":""},"_links":{"self":[{"href":"https:\/\/www.marmorosch.com\/ro\/wp-json\/wp\/v2\/pages\/988839"}],"collection":[{"href":"https:\/\/www.marmorosch.com\/ro\/wp-json\/wp\/v2\/pages"}],"about":[{"href":"https:\/\/www.marmorosch.com\/ro\/wp-json\/wp\/v2\/types\/page"}],"author":[{"embeddable":true,"href":"https:\/\/www.marmorosch.com\/ro\/wp-json\/wp\/v2\/users\/1"}],"replies":[{"embeddable":true,"href":"https:\/\/www.marmorosch.com\/ro\/wp-json\/wp\/v2\/comments?post=988839"}],"version-history":[{"count":6,"href":"https:\/\/www.marmorosch.com\/ro\/wp-json\/wp\/v2\/pages\/988839\/revisions"}],"predecessor-version":[{"id":989151,"href":"https:\/\/www.marmorosch.com\/ro\/wp-json\/wp\/v2\/pages\/988839\/revisions\/989151"}],"wp:attachment":[{"href":"https:\/\/www.marmorosch.com\/ro\/wp-json\/wp\/v2\/media?parent=988839"}],"curies":[{"name":"wp","href":"https:\/\/api.w.org\/{rel}","templated":true}]}}