{"id":988836,"date":"2022-04-09T17:45:54","date_gmt":"2022-04-09T14:45:54","guid":{"rendered":"https:\/\/www.marmorosch.com\/the-vault\/"},"modified":"2024-02-06T11:08:37","modified_gmt":"2024-02-06T09:08:37","slug":"seiful","status":"publish","type":"page","link":"https:\/\/www.marmorosch.com\/ro\/seiful\/","title":{"rendered":"Seiful"},"content":{"rendered":"<div class=\"vgblk-rw-wrapper limit-wrapper\">\n\n\t\t\t\t\t\t\t<img loading=\"lazy\" src=\"https:\/\/i0.wp.com\/www.marmorosch.com\/wp-content\/uploads\/2022\/04\/vault_logo.png?resize=245%2C139&#038;ssl=1\" data-srcset=\"https:\/\/i0.wp.com\/www.marmorosch.com\/wp-content\/uploads\/2022\/04\/vault_logo.png?resize=245%2C139&#038;ssl=1\" srcset=\"data:image\/svg+xml;utf8,&lt;svg%20xmlns=&quot;http:\/\/www.w3.org\/2000\/svg&quot;%20viewBox=&quot;0%200%20245%20139&quot;%20height=&quot;139px&quot;%20width=&quot;245px&quot;\/&gt;\" alt=\"vault_logo\" itemprop=\"image\" height=\"139\" width=\"245\" title=\"vault_logo\" onerror=\"this.style.display='none'\"  sizes=\"(max-width: 760px) 100vw, 100vw\" data-recalc-dims=\"1\"\/>\t\t\t\t\t\t\t\n\t\t\t\t\t\t\t<img loading=\"lazy\" src=\"https:\/\/i0.wp.com\/www.marmorosch.com\/wp-content\/uploads\/2022\/04\/golden-corner-2.png?resize=275%2C290&#038;ssl=1\" data-srcset=\"https:\/\/i0.wp.com\/www.marmorosch.com\/wp-content\/uploads\/2022\/04\/golden-corner-2.png?resize=275%2C290&#038;ssl=1\" srcset=\"data:image\/svg+xml;utf8,&lt;svg%20xmlns=&quot;http:\/\/www.w3.org\/2000\/svg&quot;%20viewBox=&quot;0%200%20275%20290&quot;%20height=&quot;290px&quot;%20width=&quot;275px&quot;\/&gt;\" alt=\"golden-corner-2\" itemprop=\"image\" height=\"290\" width=\"275\" title=\"golden-corner-2\" onerror=\"this.style.display='none'\"  sizes=\"(max-width: 760px) 100vw, 100vw\" data-recalc-dims=\"1\"\/>\t\t\t\t\t\t\t\n\t\t\t\t\t\t\t<img loading=\"lazy\" src=\"https:\/\/www.marmorosch.com\/wp-content\/uploads\/2021\/04\/top.svg\" data-srcset=\"https:\/\/www.marmorosch.com\/wp-content\/uploads\/2021\/04\/top.svg\" srcset=\"data:image\/svg+xml;utf8,&lt;svg%20xmlns=&quot;http:\/\/www.w3.org\/2000\/svg&quot;%20viewBox=&quot;0%200%20554%2014&quot;%20height=&quot;14px&quot;%20width=&quot;554px&quot;\/&gt;\" alt=\"top\" itemprop=\"image\" height=\"14\" width=\"554\" title=\"top\" onerror=\"this.style.display='none'\" \/>\t\t\t\t\t\t\t\n\t<p>Imagineaz\u0103-\u021bi cum e s\u0103 fii \u00eentr-un seif vechi de banc\u0103, unde odinioar\u0103 se p\u0103strau comori na\u021bionale \u0219i chiar documente de stat strict confiden\u021biale. La Marmorosch, Vault Bar, g\u0103zduit \u00een seiful renovat, ofer\u0103 o ocazie unic\u0103 de a te bucura de cocktailuri m\u0103iastre, \u00een seiful fostei b\u0103nci Marmorosch Blank.<\/p>\n\t\t\t\t\t\t\t<img loading=\"lazy\" src=\"https:\/\/www.marmorosch.com\/wp-content\/uploads\/2021\/04\/top.svg\" data-srcset=\"https:\/\/www.marmorosch.com\/wp-content\/uploads\/2021\/04\/top.svg\" srcset=\"data:image\/svg+xml;utf8,&lt;svg%20xmlns=&quot;http:\/\/www.w3.org\/2000\/svg&quot;%20viewBox=&quot;0%200%20554%2014&quot;%20height=&quot;14px&quot;%20width=&quot;554px&quot;\/&gt;\" alt=\"top\" itemprop=\"image\" height=\"14\" width=\"554\" title=\"top\" onerror=\"this.style.display='none'\" \/>\t\t\t\t\t\t\t\n\t\t\t\t\t\t\t<img loading=\"lazy\" src=\"https:\/\/i0.wp.com\/www.marmorosch.com\/wp-content\/uploads\/2021\/04\/gold.png?resize=290%2C275&#038;ssl=1\" data-srcset=\"https:\/\/i0.wp.com\/www.marmorosch.com\/wp-content\/uploads\/2021\/04\/gold.png?resize=290%2C275&#038;ssl=1\" srcset=\"data:image\/svg+xml;utf8,&lt;svg%20xmlns=&quot;http:\/\/www.w3.org\/2000\/svg&quot;%20viewBox=&quot;0%200%20290%20275&quot;%20height=&quot;275px&quot;%20width=&quot;290px&quot;\/&gt;\" alt=\"gold\" itemprop=\"image\" height=\"275\" width=\"290\" title=\"gold\" onerror=\"this.style.display='none'\"  sizes=\"(max-width: 760px) 100vw, 100vw\" data-recalc-dims=\"1\"\/>\t\t\t\t\t\t\t\n\t\t\t\t\t\t\t<img loading=\"lazy\" src=\"https:\/\/i0.wp.com\/www.marmorosch.com\/wp-content\/uploads\/2023\/11\/photo-2023.10.18-THE-VAULT-Platon-Photography-0743668831-42.jpg?resize=1260%2C1890&#038;ssl=1\" alt=\"https:\/\/www.platon.digital\/\" itemprop=\"image\" height=\"1890\" width=\"1260\" title=\"https:\/\/www.platon.digital\/\" onerror=\"this.style.display='none'\"  sizes=\"(max-width: 760px) 100vw, 100vw\" srcset=\"data:image\/svg+xml;utf8,&lt;svg%20xmlns=&quot;http:\/\/www.w3.org\/2000\/svg&quot;%20viewBox=&quot;0%200%201707%202560&quot;%20height=&quot;2560px&quot;%20width=&quot;1707px&quot;\/&gt;\" data-srcset=\"https:\/\/i0.wp.com\/www.marmorosch.com\/wp-content\/uploads\/2023\/11\/photo-2023.10.18-THE-VAULT-Platon-Photography-0743668831-42.jpg?w=1707&amp;ssl=1 1707w, https:\/\/i0.wp.com\/www.marmorosch.com\/wp-content\/uploads\/2023\/11\/photo-2023.10.18-THE-VAULT-Platon-Photography-0743668831-42.jpg?resize=200%2C300&amp;ssl=1 200w, https:\/\/i0.wp.com\/www.marmorosch.com\/wp-content\/uploads\/2023\/11\/photo-2023.10.18-THE-VAULT-Platon-Photography-0743668831-42.jpg?resize=683%2C1024&amp;ssl=1 683w, https:\/\/i0.wp.com\/www.marmorosch.com\/wp-content\/uploads\/2023\/11\/photo-2023.10.18-THE-VAULT-Platon-Photography-0743668831-42.jpg?resize=768%2C1152&amp;ssl=1 768w, https:\/\/i0.wp.com\/www.marmorosch.com\/wp-content\/uploads\/2023\/11\/photo-2023.10.18-THE-VAULT-Platon-Photography-0743668831-42.jpg?resize=1024%2C1536&amp;ssl=1 1024w, https:\/\/i0.wp.com\/www.marmorosch.com\/wp-content\/uploads\/2023\/11\/photo-2023.10.18-THE-VAULT-Platon-Photography-0743668831-42.jpg?resize=1366%2C2048&amp;ssl=1 1366w, https:\/\/i0.wp.com\/www.marmorosch.com\/wp-content\/uploads\/2023\/11\/photo-2023.10.18-THE-VAULT-Platon-Photography-0743668831-42.jpg?resize=1260%2C1890&amp;ssl=1 1260w, https:\/\/i0.wp.com\/www.marmorosch.com\/wp-content\/uploads\/2023\/11\/photo-2023.10.18-THE-VAULT-Platon-Photography-0743668831-42.jpg?resize=630%2C945&amp;ssl=1 630w, https:\/\/i0.wp.com\/www.marmorosch.com\/wp-content\/uploads\/2023\/11\/photo-2023.10.18-THE-VAULT-Platon-Photography-0743668831-42.jpg?resize=420%2C630&amp;ssl=1 420w, https:\/\/i0.wp.com\/www.marmorosch.com\/wp-content\/uploads\/2023\/11\/photo-2023.10.18-THE-VAULT-Platon-Photography-0743668831-42.jpg?resize=840%2C1260&amp;ssl=1 840w, https:\/\/i0.wp.com\/www.marmorosch.com\/wp-content\/uploads\/2023\/11\/photo-2023.10.18-THE-VAULT-Platon-Photography-0743668831-42.jpg?resize=315%2C472&amp;ssl=1 315w\" data-recalc-dims=\"1\" \/>\t\t\t\t\t\t\t\n<h2>\n\tMiracole \u00een pahar\n\t<\/h2>\n\t<p>Dac\u0103 nu e suficient\u0103 loca\u021bia, echipa noastr\u0103 de mixologi m\u0103ia\u0219tri \u0219i magicieni ai cocktailurilor \u00ee\u021bi vor oferi din spatele tejghelei o experien\u021b\u0103 Vault de neuitat. Orice connoisseur va g\u0103si ceva pe gustul s\u0103u rafinat, de la cocktailuri clasice la combina\u021bii moderne, create de noi.<\/p>\n\t<a href=\"\/wp-content\/uploads\/2024\/02\/The_Vault_Menu.pdf\" target=\"_blank\" role=\"button\" rel=\"noopener\">\n\t\t\t\t\tVezi meniul\n\t<\/a>\n<h2>\n\tRevizitarea vechii B\u0103nci\n\t<\/h2>\n\t<p>\u00cen timp ce e\u0219ti la Vault, te \u00eencuraj\u0103m s\u0103 explorezi \u0219i \u00eemprejurimile. Designul interior a p\u0103strat c\u00e2t mai mult din detaliile autentice: de la seifurile originale p\u00e2n\u0103 la u\u0219a armat\u0103 a seifului. Cine \u0219tie, poate c\u0103 \u00een cutii \u00eenc\u0103 se mai g\u0103sesc secrete intrigante&#8230;?<\/p>\n\t\t\t\t\t\t\t<img loading=\"lazy\" src=\"https:\/\/i0.wp.com\/www.marmorosch.com\/wp-content\/uploads\/2022\/04\/02-the-vault-highlight-visuals-vertical.jpg?resize=700%2C778&#038;ssl=1\" alt=\"02 the vault - highlight visuals (vertical)\" itemprop=\"image\" height=\"778\" width=\"700\" title=\"02 the vault - highlight visuals (vertical)\" onerror=\"this.style.display='none'\"  sizes=\"(max-width: 760px) 100vw, 100vw\" srcset=\"data:image\/svg+xml;utf8,&lt;svg%20xmlns=&quot;http:\/\/www.w3.org\/2000\/svg&quot;%20viewBox=&quot;0%200%20700%20778&quot;%20height=&quot;778px&quot;%20width=&quot;700px&quot;\/&gt;\" data-srcset=\"https:\/\/i0.wp.com\/www.marmorosch.com\/wp-content\/uploads\/2022\/04\/02-the-vault-highlight-visuals-vertical.jpg?w=700&amp;ssl=1 700w, https:\/\/i0.wp.com\/www.marmorosch.com\/wp-content\/uploads\/2022\/04\/02-the-vault-highlight-visuals-vertical.jpg?resize=270%2C300&amp;ssl=1 270w, https:\/\/i0.wp.com\/www.marmorosch.com\/wp-content\/uploads\/2022\/04\/02-the-vault-highlight-visuals-vertical.jpg?resize=630%2C700&amp;ssl=1 630w, https:\/\/i0.wp.com\/www.marmorosch.com\/wp-content\/uploads\/2022\/04\/02-the-vault-highlight-visuals-vertical.jpg?resize=420%2C467&amp;ssl=1 420w, https:\/\/i0.wp.com\/www.marmorosch.com\/wp-content\/uploads\/2022\/04\/02-the-vault-highlight-visuals-vertical.jpg?resize=315%2C350&amp;ssl=1 315w\" data-recalc-dims=\"1\" \/>\t\t\t\t\t\t\t\n\n<\/div><!-- .vgblk-rw-wrapper -->","protected":false},"excerpt":{"rendered":"<p>Imagineaz\u0103-\u021bi cum e s\u0103 fii \u00eentr-un seif vechi de banc\u0103, unde odinioar\u0103 se p\u0103strau comori na\u021bionale \u0219i chiar documente de stat strict confiden\u021biale. La Marmorosch, Vault Bar, g\u0103zduit \u00een seiful renovat, ofer\u0103 o ocazie unic\u0103 de a te bucura de cocktailuri m\u0103iastre, \u00een seiful fostei b\u0103nci Marmorosch Blank. Miracole \u00een pahar Dac\u0103 nu e suficient\u0103&#8230;<\/p>\n","protected":false},"author":1,"featured_media":0,"parent":0,"menu_order":0,"comment_status":"closed","ping_status":"closed","template":"","meta":{"inline_featured_image":false,"spay_email":""},"_links":{"self":[{"href":"https:\/\/www.marmorosch.com\/ro\/wp-json\/wp\/v2\/pages\/988836"}],"collection":[{"href":"https:\/\/www.marmorosch.com\/ro\/wp-json\/wp\/v2\/pages"}],"about":[{"href":"https:\/\/www.marmorosch.com\/ro\/wp-json\/wp\/v2\/types\/page"}],"author":[{"embeddable":true,"href":"https:\/\/www.marmorosch.com\/ro\/wp-json\/wp\/v2\/users\/1"}],"replies":[{"embeddable":true,"href":"https:\/\/www.marmorosch.com\/ro\/wp-json\/wp\/v2\/comments?post=988836"}],"version-history":[{"count":9,"href":"https:\/\/www.marmorosch.com\/ro\/wp-json\/wp\/v2\/pages\/988836\/revisions"}],"predecessor-version":[{"id":989245,"href":"https:\/\/www.marmorosch.com\/ro\/wp-json\/wp\/v2\/pages\/988836\/revisions\/989245"}],"wp:attachment":[{"href":"https:\/\/www.marmorosch.com\/ro\/wp-json\/wp\/v2\/media?parent=988836"}],"curies":[{"name":"wp","href":"https:\/\/api.w.org\/{rel}","templated":true}]}}