{"id":988833,"date":"2022-04-09T17:25:02","date_gmt":"2022-04-09T14:25:02","guid":{"rendered":"https:\/\/www.marmorosch.com\/blank-restaurant\/"},"modified":"2025-11-18T18:00:01","modified_gmt":"2025-11-18T16:00:01","slug":"restaurantul-blank","status":"publish","type":"page","link":"https:\/\/www.marmorosch.com\/ro\/restaurantul-blank\/","title":{"rendered":"Restaurantul Blank"},"content":{"rendered":"<div class=\"vgblk-rw-wrapper limit-wrapper\">\n\n\t\t\t\t\t\t\t<img loading=\"lazy\" src=\"https:\/\/i0.wp.com\/www.marmorosch.com\/wp-content\/uploads\/2022\/04\/blank_restaurant.png?resize=359%2C156&#038;ssl=1\" alt=\"blank_restaurant\" itemprop=\"image\" height=\"156\" width=\"359\" title=\"blank_restaurant\" onerror=\"this.style.display='none'\"  sizes=\"(max-width: 760px) 100vw, 100vw\" srcset=\"data:image\/svg+xml;utf8,&lt;svg%20xmlns=&quot;http:\/\/www.w3.org\/2000\/svg&quot;%20viewBox=&quot;0%200%20359%20156&quot;%20height=&quot;156px&quot;%20width=&quot;359px&quot;\/&gt;\" data-srcset=\"https:\/\/i0.wp.com\/www.marmorosch.com\/wp-content\/uploads\/2022\/04\/blank_restaurant.png?w=359&amp;ssl=1 359w, https:\/\/i0.wp.com\/www.marmorosch.com\/wp-content\/uploads\/2022\/04\/blank_restaurant.png?resize=300%2C130&amp;ssl=1 300w, https:\/\/i0.wp.com\/www.marmorosch.com\/wp-content\/uploads\/2022\/04\/blank_restaurant.png?resize=315%2C137&amp;ssl=1 315w\" data-recalc-dims=\"1\" \/>\t\t\t\t\t\t\t\n\t\t\t\t\t\t\t<img loading=\"lazy\" src=\"https:\/\/i0.wp.com\/www.marmorosch.com\/wp-content\/uploads\/2022\/04\/golden-corner-2.png?resize=275%2C290&#038;ssl=1\" data-srcset=\"https:\/\/i0.wp.com\/www.marmorosch.com\/wp-content\/uploads\/2022\/04\/golden-corner-2.png?resize=275%2C290&#038;ssl=1\" srcset=\"data:image\/svg+xml;utf8,&lt;svg%20xmlns=&quot;http:\/\/www.w3.org\/2000\/svg&quot;%20viewBox=&quot;0%200%20275%20290&quot;%20height=&quot;290px&quot;%20width=&quot;275px&quot;\/&gt;\" alt=\"golden-corner-2\" itemprop=\"image\" height=\"290\" width=\"275\" title=\"golden-corner-2\" onerror=\"this.style.display='none'\"  sizes=\"(max-width: 760px) 100vw, 100vw\" data-recalc-dims=\"1\"\/>\t\t\t\t\t\t\t\n\t\t\t\t\t\t\t<img loading=\"lazy\" src=\"https:\/\/i0.wp.com\/www.marmorosch.com\/wp-content\/uploads\/2021\/04\/gold.png?resize=290%2C275&#038;ssl=1\" data-srcset=\"https:\/\/i0.wp.com\/www.marmorosch.com\/wp-content\/uploads\/2021\/04\/gold.png?resize=290%2C275&#038;ssl=1\" srcset=\"data:image\/svg+xml;utf8,&lt;svg%20xmlns=&quot;http:\/\/www.w3.org\/2000\/svg&quot;%20viewBox=&quot;0%200%20290%20275&quot;%20height=&quot;275px&quot;%20width=&quot;290px&quot;\/&gt;\" alt=\"gold\" itemprop=\"image\" height=\"275\" width=\"290\" title=\"gold\" onerror=\"this.style.display='none'\"  sizes=\"(max-width: 760px) 100vw, 100vw\" data-recalc-dims=\"1\"\/>\t\t\t\t\t\t\t\n\t\t\t\t\t\t\t<img loading=\"lazy\" src=\"https:\/\/i0.wp.com\/www.marmorosch.com\/wp-content\/uploads\/2025\/06\/ADD-MARMOROSCH.jpg?resize=1260%2C1890&#038;ssl=1\" alt=\"ADD MARMOROSCH\" itemprop=\"image\" height=\"1890\" width=\"1260\" title=\"ADD MARMOROSCH\" onerror=\"this.style.display='none'\"  sizes=\"(max-width: 760px) 100vw, 100vw\" srcset=\"data:image\/svg+xml;utf8,&lt;svg%20xmlns=&quot;http:\/\/www.w3.org\/2000\/svg&quot;%20viewBox=&quot;0%200%201707%202560&quot;%20height=&quot;2560px&quot;%20width=&quot;1707px&quot;\/&gt;\" data-srcset=\"https:\/\/i0.wp.com\/www.marmorosch.com\/wp-content\/uploads\/2025\/06\/ADD-MARMOROSCH.jpg?w=1707&amp;ssl=1 1707w, https:\/\/i0.wp.com\/www.marmorosch.com\/wp-content\/uploads\/2025\/06\/ADD-MARMOROSCH.jpg?resize=200%2C300&amp;ssl=1 200w, https:\/\/i0.wp.com\/www.marmorosch.com\/wp-content\/uploads\/2025\/06\/ADD-MARMOROSCH.jpg?resize=683%2C1024&amp;ssl=1 683w, https:\/\/i0.wp.com\/www.marmorosch.com\/wp-content\/uploads\/2025\/06\/ADD-MARMOROSCH.jpg?resize=768%2C1152&amp;ssl=1 768w, https:\/\/i0.wp.com\/www.marmorosch.com\/wp-content\/uploads\/2025\/06\/ADD-MARMOROSCH.jpg?resize=1024%2C1536&amp;ssl=1 1024w, https:\/\/i0.wp.com\/www.marmorosch.com\/wp-content\/uploads\/2025\/06\/ADD-MARMOROSCH.jpg?resize=1366%2C2048&amp;ssl=1 1366w, https:\/\/i0.wp.com\/www.marmorosch.com\/wp-content\/uploads\/2025\/06\/ADD-MARMOROSCH.jpg?resize=1260%2C1890&amp;ssl=1 1260w, https:\/\/i0.wp.com\/www.marmorosch.com\/wp-content\/uploads\/2025\/06\/ADD-MARMOROSCH.jpg?resize=630%2C945&amp;ssl=1 630w, https:\/\/i0.wp.com\/www.marmorosch.com\/wp-content\/uploads\/2025\/06\/ADD-MARMOROSCH.jpg?resize=420%2C630&amp;ssl=1 420w, https:\/\/i0.wp.com\/www.marmorosch.com\/wp-content\/uploads\/2025\/06\/ADD-MARMOROSCH.jpg?resize=840%2C1260&amp;ssl=1 840w, https:\/\/i0.wp.com\/www.marmorosch.com\/wp-content\/uploads\/2025\/06\/ADD-MARMOROSCH.jpg?resize=315%2C472&amp;ssl=1 315w\" data-recalc-dims=\"1\" \/>\t\t\t\t\t\t\t\n<h2>\n\tBucuria servirii mesei zi de zi\n\t<\/h2>\n\t<p>Indiferent ce v-a adus la restaurantul The Blank, meniul nostru inovator a la carte v\u0103 va ajuta s\u0103 descoperi\u021bi totul. Creat de buc\u0103tarii no\u0219tri talenta\u021bi, meniul este perfect pentru o experien\u021b\u0103 culinar\u0103 pe tot parcursul zilei: de la gust\u0103ri, antreuri sau supe, la feluri principale interesante \u0219i deserturi generoase.<\/p>\n\t<a href=\"https:\/\/drive.google.com\/file\/d\/1wnH0UOzkSYiXm3TWzctfyLDyT9FsyHOR\/view?usp=sharing\" target=\"_blank\" role=\"button\" rel=\"noopener\">\n\t\t\t\t\tSee Menu\n\t<\/a>\n\n<\/div><!-- .vgblk-rw-wrapper -->","protected":false},"excerpt":{"rendered":"<p>Bucuria servirii mesei zi de zi Indiferent ce v-a adus la restaurantul The Blank, meniul nostru inovator a la carte v\u0103 va ajuta s\u0103 descoperi\u021bi totul. Creat de buc\u0103tarii no\u0219tri talenta\u021bi, meniul este perfect pentru o experien\u021b\u0103 culinar\u0103 pe tot parcursul zilei: de la gust\u0103ri, antreuri sau supe, la feluri principale interesante \u0219i deserturi generoase&#8230;.<\/p>\n","protected":false},"author":1,"featured_media":0,"parent":0,"menu_order":0,"comment_status":"closed","ping_status":"closed","template":"","meta":{"inline_featured_image":false,"spay_email":""},"_links":{"self":[{"href":"https:\/\/www.marmorosch.com\/ro\/wp-json\/wp\/v2\/pages\/988833"}],"collection":[{"href":"https:\/\/www.marmorosch.com\/ro\/wp-json\/wp\/v2\/pages"}],"about":[{"href":"https:\/\/www.marmorosch.com\/ro\/wp-json\/wp\/v2\/types\/page"}],"author":[{"embeddable":true,"href":"https:\/\/www.marmorosch.com\/ro\/wp-json\/wp\/v2\/users\/1"}],"replies":[{"embeddable":true,"href":"https:\/\/www.marmorosch.com\/ro\/wp-json\/wp\/v2\/comments?post=988833"}],"version-history":[{"count":36,"href":"https:\/\/www.marmorosch.com\/ro\/wp-json\/wp\/v2\/pages\/988833\/revisions"}],"predecessor-version":[{"id":989818,"href":"https:\/\/www.marmorosch.com\/ro\/wp-json\/wp\/v2\/pages\/988833\/revisions\/989818"}],"wp:attachment":[{"href":"https:\/\/www.marmorosch.com\/ro\/wp-json\/wp\/v2\/media?parent=988833"}],"curies":[{"name":"wp","href":"https:\/\/api.w.org\/{rel}","templated":true}]}}